{"id":58,"date":"2025-11-21T12:59:05","date_gmt":"2025-11-21T11:59:05","guid":{"rendered":"https:\/\/mmpbiznes.pl\/?page_id=58"},"modified":"2025-11-23T23:42:05","modified_gmt":"2025-11-23T22:42:05","slug":"zapewnienie-dostepu-do-szybkiego-internetu-na-obszarach-bialych-plam","status":"publish","type":"page","link":"https:\/\/mmpbiznes.pl\/?page_id=58","title":{"rendered":"Zapewnienie dost\u0119pu do szybkiego Internetu na obszarach bia\u0142ych plam"},"content":{"rendered":"\n<p><\/p>\n\n\n\n<p><strong>Umowa: KPOD.05.02-IW.06-0082\/25&nbsp; pn. \u201e<\/strong><strong>Zapewnienie dost\u0119pu do szybkiego Internetu na obszarach bia\u0142ych plam<\/strong><strong>\u201d<\/strong><\/p>\n\n\n\n<p>W ramach zada\u0144 Krajowego Planu Odbudowy (KPO), firma: Mulitmedia Polska Biznes Sp\u00f3\u0142ka Akcyjna posiadaj\u0105ca status operatora telekomunikacyjnego zawar\u0142a umow\u0119 i rozpocz\u0119\u0142a realizacj\u0119 projektu pn. \u201eZapewnienie dost\u0119pu do szybkiego Internetu na obszarach bia\u0142ych plam\u201d. .Projekt zak\u0142ada budow\u0119 nowej infrastruktury \u015bwiat\u0142owodowej z przy\u0142\u0105czami \u015bwiat\u0142owodowymi na obszarach bia\u0142ych plam na terenach:<\/p>\n\n\n\n<p><strong>Powiatu Puckiego<\/strong><\/p>\n\n\n\n<ul>\n<li><strong>Gmina Jastarnia<\/strong> \u2013<\/li>\n<\/ul>\n\n\n\n<p><strong>miejscowo\u015b\u0107:<\/strong> Jastarnia;<\/p>\n\n\n\n<p><strong>Gmina W\u0142adys\u0142awowo<\/strong><\/p>\n\n\n\n<p><strong>miejscowo\u015b\u0107:<\/strong> Cha\u0142upy,<\/p>\n\n\n\n<p><strong>Punktu Adresowe w ramach projektu do wykonania:<\/strong> <\/p>\n\n\n\n<div class=\"wp-block-file\"><a id=\"wp-block-file--media-39087084-fcbe-409f-bfd2-9647f13dc358\" href=\"https:\/\/mmpbiznes.pl\/wp-content\/uploads\/2025\/11\/Wykaz-Punktow-adresowych.xlsx\">Wykaz Punkt\u00f3w adresowych<\/a><a href=\"https:\/\/mmpbiznes.pl\/wp-content\/uploads\/2025\/11\/Wykaz-Punktow-adresowych.xlsx\" class=\"wp-block-file__button wp-element-button\" download aria-describedby=\"wp-block-file--media-39087084-fcbe-409f-bfd2-9647f13dc358\">Download<\/a><\/div>\n\n\n\n<p>Dzia\u0142ania wpisuj\u0105 si\u0119 w za\u0142o\u017cenia programu Krajowego Planu Odbudowy i Zwi\u0119kszania<\/p>\n\n\n\n<p>Odporno\u015bci (KPO) oraz programu Fundusze Europejskie na Rozw\u00f3j Cyfrowy 2021-2027 (FERC) wg: Komponentu:<\/p>\n\n\n\n<ul>\n<li>C \u2013 Transformacja Cyfrowa,<\/li>\n\n\n\n<li>C1-Poprawa dost\u0119pu do szybkiego Internetu,<\/li>\n\n\n\n<li>Inwestycja C1.1.1. &#8211; Zapewnienie dost\u0119pu do bardzo szybkiego Internetu na obszarach bia\u0142ych plam.<\/li>\n<\/ul>\n\n\n\n<p>Dzia\u0142anie to obejmuje zapewnienie dost\u0119pu do szybkiego Internetu na terenach, na kt\u00f3rych dost\u0119p do Internetu jest utrudniony lub w og\u00f3le go nie ma .<\/p>\n\n\n\n<p>W ramach powy\u017cszego zadania, firma Multimedia Polska Biznes Sp\u00f3\u0142ka posiadaj\u0105ca status operatora telekomunikacyjnego zawar\u0142a umow\u0119 i rozpocz\u0119\u0142a realizacj\u0119 projektu:<\/p>\n\n\n\n<ul>\n<li>Warto\u015b\u0107 projektu wynosi: 2 228 000,00 z\u0142<\/li>\n\n\n\n<li>Warto\u015b\u0107 dofinansowania: 1 904 940,00 z\u0142<\/li>\n<\/ul>\n\n\n\n<ul>\n<li>Termin rozpocz\u0119cia: 04-08-2025<\/li>\n\n\n\n<li>Termin zako\u0144czenia: 31-08-2026<\/li>\n<\/ul>\n\n\n\n<p><strong>Cele i za\u0142o\u017cenia<\/strong><\/p>\n\n\n\n<p><strong>Celem jest<\/strong> zapewnienie dost\u0119pu do szerokopasmowego internetu, co ma poprawi\u0107 jako\u015b\u0107 \u017cycia, wspiera\u0107 rozw\u00f3j gospodarczy i edukacj\u0119.<\/p>\n\n\n\n<p><strong>Za\u0142o\u017ceniem je<\/strong>st wybudowanie infrastruktury telekomunikacyjnej umo\u017cliwiaj\u0105cej dost\u0119p do us\u0142ug cyfrowych z dost\u0119pem do szybkiego internetu dla mieszka\u0144c\u00f3w, tych miejscowo\u015bci obj\u0119tych tym projektem.<\/p>\n\n\n\n<p><strong>Grupy docelowe:<\/strong><\/p>\n\n\n\n<p>G\u0142\u00f3wne grupy docelowe na obszarach wykluczonych cyfrowo (tzw. bia\u0142ych plamach) to:<\/p>\n\n\n\n<ul>\n<li><strong>Mieszka\u0144cy<\/strong> <strong>(gospodarstwa domowe)<\/strong>: Osoby mieszkaj\u0105ce na obszarach, gdzie obecnie nie ma dost\u0119pu do internetu, co umo\u017cliwi im m.in. korzystanie z nowoczesnych us\u0142ug online, prac\u0119 zdaln\u0105, edukacj\u0119 zdaln\u0105 i dost\u0119p do e-us\u0142ug.<\/li>\n\n\n\n<li><strong>Przedsi\u0119biorcy (w tym M\u015aP) i instytucje publiczne<\/strong>: Firmy, kt\u00f3re dzi\u0119ki nowej infrastrukturze b\u0119d\u0105 mog\u0142y rozwija\u0107 swoj\u0105 dzia\u0142alno\u015b\u0107, a tak\u017ce instytucje publiczne, kt\u00f3re zyskaj\u0105 lepszy dost\u0119p do e-us\u0142ug i komunikacji.<\/li>\n\n\n\n<li><strong>Operatorzy telekomunikacyjni<\/strong> \u2013 dost\u0119p do infrastruktury innym operatorom telekomunikacyjnym chc\u0105cych \u015bwiadczy\u0107 w tych miejscowo\u015bciach us\u0142ugi szerokopasmowe<\/li>\n<\/ul>\n\n\n\n<p>Poprzez umo\u017cliwienie dost\u0119pu do us\u0142ug szerokopasmowych mieszka\u0144cy tej spo\u0142eczno\u015bci otrzymaj\u0105 wielowymiarow\u0105:<\/p>\n\n\n\n<ul>\n<li><strong>Korzy\u015b\u0107:<\/strong><\/li>\n<\/ul>\n\n\n\n<ul>\n<li><strong>Rozw\u00f3j gospodarczy<\/strong>:<\/li>\n<\/ul>\n\n\n\n<ul>\n<li>Wsparcie dla lokalnych firm dzi\u0119ki mo\u017cliwo\u015bci \u015bwiadczenia i promocji us\u0142ug online.<\/li>\n\n\n\n<li>Nowe mo\u017cliwo\u015bci pracy zdalnej<\/li>\n\n\n\n<li>Zwi\u0119kszenie atrakcyjno\u015bci inwestycyjnej i turystycznej regionu<\/li>\n<\/ul>\n\n\n\n<ul>\n<li><strong>Cyfrowa integracja spo\u0142eczno\u015bci<\/strong><\/li>\n<\/ul>\n\n\n\n<ul>\n<li>Dost\u0119p do edukacji online (e-learning), co u\u0142atwia nauk\u0119 na wszystkich poziomach edukacyjnych<\/li>\n\n\n\n<li>Mo\u017cliwo\u015b\u0107 korzystania z us\u0142ug publicznych takich jak (e-administracja) i bankowo\u015bci elektronicznej<\/li>\n\n\n\n<li>\u0141atwiejsza komunikacja i dost\u0119p do rozrywki (streaming wideo, gry)<\/li>\n\n\n\n<li>Zwi\u0119kszenie aktywno\u015bci spo\u0142ecznej i integracji mieszka\u0144c\u00f3w<\/li>\n<\/ul>\n\n\n\n<ul>\n<li><strong>Poprawa jako\u015bci \u017cycia:<\/strong><\/li>\n<\/ul>\n\n\n\n<ul>\n<li>Stabilne i niezawodne po\u0142\u0105czenie internetowe, eliminuj\u0105ce problemy z niestabilnymi \u0142\u0105czami<\/li>\n\n\n\n<li>Wygodne i szybkie wykonywanie codziennych czynno\u015bci, takich jak zakupy online, korzystanie z bankowo\u015bci czy komunikator\u00f3w<\/li>\n\n\n\n<li>Mo\u017cliwo\u015b\u0107 swobodnego korzystania z bogactwa informacji dost\u0119pnych w internecie<\/li>\n<\/ul>\n\n\n\n<ul>\n<li><strong>Produkty i us\u0142ugi:<\/strong><\/li>\n<\/ul>\n\n\n\n<ul>\n<li>E-us\u0142ugi:<\/li>\n<\/ul>\n\n\n\n<ul>\n<li>dost\u0119p do bankowo\u015bci elektronicznej<\/li>\n\n\n\n<li>dost\u0119p do e-administracji<\/li>\n\n\n\n<li>dost\u0119p do e-handel (zakupy internetowe)<\/li>\n\n\n\n<li>Rozrywka:<\/li>\n<\/ul>\n\n\n\n<ul>\n<li>dost\u0119p do program\u00f3w TV internetowej<\/li>\n\n\n\n<li>dost\u0119p do streaming film\u00f3w i muzyki (VOD)<\/li>\n\n\n\n<li>dost\u0119p do gier online<\/li>\n\n\n\n<li>dost\u0119p do platform spo\u0142eczno\u015bciowych<\/li>\n<\/ul>\n\n\n\n<ul>\n<li><strong>Komunikacja:<\/strong><\/li>\n<\/ul>\n\n\n\n<ul>\n<li>dost\u0119p do poczty elektronicznej<\/li>\n\n\n\n<li>dost\u0119p do platformy czat i wideokonferencje<\/li>\n\n\n\n<li>dost\u0119p do telefonii stacjonarnej IP<\/li>\n<\/ul>\n\n\n\n<ul>\n<li><strong>Edukacja<\/strong>:<\/li>\n<\/ul>\n\n\n\n<ul>\n<li>dost\u0119p do platform e-learingowe,<\/li>\n\n\n\n<li>dost\u0119p do platform zasob\u00f3w edukacyjnych interaktywnych wyk\u0142ad\u00f3w<\/li>\n<\/ul>\n\n\n\n<ul>\n<li><strong>Nawigacja i informacje<\/strong><\/li>\n<\/ul>\n\n\n\n<ul>\n<li>dost\u0119p do platform us\u0142ug GPS<\/li>\n\n\n\n<li>dost\u0119p do platform przekazywania informacji z ca\u0142ego \u015bwiata<\/li>\n<\/ul>\n\n\n\n<p><strong>Efektem<\/strong>&nbsp;zrealizowania przedsi\u0119wzi\u0119cia &#8211; projektu b\u0119dzie zlikwidowanie cyfrowego wykluczenia poprzez:<\/p>\n\n\n\n<ul>\n<li><strong>Wyr\u00f3wnanie szans<\/strong>:<\/li>\n<\/ul>\n\n\n\n<ul>\n<li>Zapewnienie mieszka\u0144com obj\u0119tych projektem skorzystania z mo\u017cliwo\u015bciami por\u00f3wnywalnych z du\u017cymi miastami<\/li>\n\n\n\n<li>Stworzenie poprawy jako\u015bci \u017cycia<\/li>\n<\/ul>\n\n\n\n<ul>\n<li><strong>Wybudowanie nowoczesnej infrastruktura przez:<\/strong>.<\/li>\n<\/ul>\n\n\n\n<ul>\n<li>wykorzystanie innowacyjnych technologii<\/li>\n\n\n\n<li>wykorzystanie najnowszych technologii teletransmisyjnych<\/li>\n<\/ul>\n\n\n\n<p><strong>Plany inwestycyjne<\/strong><\/p>\n\n\n\n<p>Multimedia Polska Biznes Sp\u00f3\u0142ka Akcyjna w swych dzia\u0142aniach inwestycyjnych stale rozbudowuje i poszerza liczb\u0119 miejscowo\u015bci z nowymi punktami adresowymi do przy\u0142\u0105czenia tak aby ka\u017cdy mieszkaniec mia\u0142 r\u00f3wny dost\u0119p do us\u0142ug szerokopasmowych.<\/p>\n\n\n\n<p><a><\/a> W kolejnych dzia\u0142aniach inwestycyjnych planujemy zwi\u0119kszy\u0107 sw\u00f3j udzia\u0142 w dzia\u0142aniach Krajowego Planu Odbudowy (KPO), to obiecuj\u0105cy krok w kierunku eliminacji cyfrowego podzia\u0142u i budowania spo\u0142ecze\u0144stwa, w kt\u00f3rym ka\u017cdy, bez wzgl\u0119du na miejsce zamieszkania ma r\u00f3wny dost\u0119p do us\u0142ug szerokopasmowych.<\/p>\n\n\n\n<p>?<\/p>\n","protected":false},"excerpt":{"rendered":"<p>Umowa: KPOD.05.02-IW.06-0082\/25&nbsp; pn. \u201eZapewnienie dost\u0119pu do szybkiego Internetu na obszarach bia\u0142ych plam\u201d W ramach zada\u0144 Krajowego Planu Odbudowy (KPO), firma: Mulitmedia Polska Biznes Sp\u00f3\u0142ka Akcyjna posiadaj\u0105ca status operatora telekomunikacyjnego zawar\u0142a umow\u0119 i rozpocz\u0119\u0142a realizacj\u0119 projektu pn. \u201eZapewnienie dost\u0119pu do szybkiego Internetu na obszarach bia\u0142ych plam\u201d. .Projekt zak\u0142ada budow\u0119 nowej infrastruktury \u015bwiat\u0142owodowej z przy\u0142\u0105czami \u015bwiat\u0142owodowymi na [&hellip;]<\/p>\n","protected":false},"author":1,"featured_media":0,"parent":0,"menu_order":0,"comment_status":"closed","ping_status":"closed","template":"","meta":{"footnotes":""},"_links":{"self":[{"href":"https:\/\/mmpbiznes.pl\/index.php?rest_route=\/wp\/v2\/pages\/58"}],"collection":[{"href":"https:\/\/mmpbiznes.pl\/index.php?rest_route=\/wp\/v2\/pages"}],"about":[{"href":"https:\/\/mmpbiznes.pl\/index.php?rest_route=\/wp\/v2\/types\/page"}],"author":[{"embeddable":true,"href":"https:\/\/mmpbiznes.pl\/index.php?rest_route=\/wp\/v2\/users\/1"}],"replies":[{"embeddable":true,"href":"https:\/\/mmpbiznes.pl\/index.php?rest_route=%2Fwp%2Fv2%2Fcomments&post=58"}],"version-history":[{"count":3,"href":"https:\/\/mmpbiznes.pl\/index.php?rest_route=\/wp\/v2\/pages\/58\/revisions"}],"predecessor-version":[{"id":66,"href":"https:\/\/mmpbiznes.pl\/index.php?rest_route=\/wp\/v2\/pages\/58\/revisions\/66"}],"wp:attachment":[{"href":"https:\/\/mmpbiznes.pl\/index.php?rest_route=%2Fwp%2Fv2%2Fmedia&parent=58"}],"curies":[{"name":"wp","href":"https:\/\/api.w.org\/{rel}","templated":true}]}}