{"id":50,"date":"2025-11-03T09:42:29","date_gmt":"2025-11-03T08:42:29","guid":{"rendered":"https:\/\/mmpbiznes.pl\/?page_id=50"},"modified":"2025-11-03T09:45:25","modified_gmt":"2025-11-03T08:45:25","slug":"projekty-unijne","status":"publish","type":"page","link":"https:\/\/mmpbiznes.pl\/?page_id=50","title":{"rendered":"Projekty Unijne"},"content":{"rendered":"\n<pre class=\"wp-block-preformatted\">projekty unijne <\/pre>\n\n\n\n<figure class=\"wp-block-image size-large is-resized\"><img loading=\"lazy\" decoding=\"async\" width=\"1024\" height=\"111\" src=\"https:\/\/mmpbiznes.pl\/wp-content\/uploads\/2025\/11\/KPO-1024x111.avif\" alt=\"\" class=\"wp-image-51\" style=\"width:1036px;height:auto\" srcset=\"https:\/\/mmpbiznes.pl\/wp-content\/uploads\/2025\/11\/KPO-1024x111.avif 1024w, https:\/\/mmpbiznes.pl\/wp-content\/uploads\/2025\/11\/KPO-300x32.avif 300w, https:\/\/mmpbiznes.pl\/wp-content\/uploads\/2025\/11\/KPO-768x83.avif 768w, https:\/\/mmpbiznes.pl\/wp-content\/uploads\/2025\/11\/KPO.avif 1489w\" sizes=\"(max-width: 1024px) 100vw, 1024px\" \/><\/figure>\n\n\n\n<pre class=\"wp-block-preformatted has-medium-font-size\"><br><br><strong>4. konkurs KPO rozstrzygni\u0119ty \u2013 Multimedia Polska Biznes SA otrzyma dotacj\u0119 w ramach podpisanej umowy: KPOD.05.02-IW.06-0082\/25-00.<\/strong><br><br><br>W drugiej po\u0142owie czerwca 2025 r. Centrum Projekt\u00f3w Polska Cyfrowa poinformowa\u0142o o zako\u0144czeniu oceny wniosk\u00f3w, kt\u00f3re wp\u0142yn\u0119\u0142y w ramach 4. naboru KPO na budow\u0119 sieci w bia\u0142ych plamach. W wyniku konkursu nasza firma otrzyma dofinansowanie.<br><br>Otrzymane \u015brodki zostan\u0105 w ca\u0142o\u015bci przeznaczone na inwestycj\u0119 \u2013 <strong>Transformacja cyfrowa Inwestycja C1.1.1.: \u201e Zapewnienie dost\u0119pu do bardzo szybkiego Internetu na obszarach bia\u0142ych plam\u201d<\/strong>.<br><br>Inwestycja obejmie zasi\u0119giem powiat pucki miejscowo\u015bci Cha\u0142upy i Jastarnia. Zrealizujemy budow\u0119 nowoczesnej sieci \u015bwiat\u0142owodowej w miejscach, gdzie dotychczas szybki Internet by\u0142 niedost\u0119pny \u2013 w tzw. \u201ebia\u0142ych plamach\u201d. Jeste\u015bmy dumni, \u017ce nasz projekt zdoby\u0142 uznanie i zosta\u0142 wybrany w konkursie. Dzi\u0119ki pozyskanym funduszom mo\u017cemy aktywnie przeciwdzia\u0142a\u0107 wykluczeniu cyfrowemu i zapewni\u0107 r\u00f3wny dost\u0119p do szerokopasmowego Internetu. To dla nas kolejna inicjatywa o znaczeniu zar\u00f3wno technologicznym, jak i spo\u0142ecznym.<br><br>Nazwa inwestycji : <strong>Transformacja cyfrowa Inwestycja C1.1.1.: \u201e Zapewnienie dost\u0119pu do bardzo szybkiego Internetu na obszarach bia\u0142ych plam\u201d<\/strong><br><br><strong>Termin zako\u0144czenia inwestycji: 31 sierpie\u0144 2026 r.<\/strong><\/pre>\n","protected":false},"excerpt":{"rendered":"<p>projekty unijne 4. konkurs KPO rozstrzygni\u0119ty \u2013 Multimedia Polska Biznes SA otrzyma dotacj\u0119 w ramach podpisanej umowy: KPOD.05.02-IW.06-0082\/25-00.W drugiej po\u0142owie czerwca 2025 r. Centrum Projekt\u00f3w Polska Cyfrowa poinformowa\u0142o o zako\u0144czeniu oceny wniosk\u00f3w, kt\u00f3re wp\u0142yn\u0119\u0142y w ramach 4. naboru KPO na budow\u0119 sieci w bia\u0142ych plamach. W wyniku konkursu nasza firma otrzyma dofinansowanie.Otrzymane \u015brodki zostan\u0105 w [&hellip;]<\/p>\n","protected":false},"author":1,"featured_media":0,"parent":0,"menu_order":0,"comment_status":"closed","ping_status":"closed","template":"","meta":{"footnotes":""},"_links":{"self":[{"href":"https:\/\/mmpbiznes.pl\/index.php?rest_route=\/wp\/v2\/pages\/50"}],"collection":[{"href":"https:\/\/mmpbiznes.pl\/index.php?rest_route=\/wp\/v2\/pages"}],"about":[{"href":"https:\/\/mmpbiznes.pl\/index.php?rest_route=\/wp\/v2\/types\/page"}],"author":[{"embeddable":true,"href":"https:\/\/mmpbiznes.pl\/index.php?rest_route=\/wp\/v2\/users\/1"}],"replies":[{"embeddable":true,"href":"https:\/\/mmpbiznes.pl\/index.php?rest_route=%2Fwp%2Fv2%2Fcomments&post=50"}],"version-history":[{"count":4,"href":"https:\/\/mmpbiznes.pl\/index.php?rest_route=\/wp\/v2\/pages\/50\/revisions"}],"predecessor-version":[{"id":55,"href":"https:\/\/mmpbiznes.pl\/index.php?rest_route=\/wp\/v2\/pages\/50\/revisions\/55"}],"wp:attachment":[{"href":"https:\/\/mmpbiznes.pl\/index.php?rest_route=%2Fwp%2Fv2%2Fmedia&parent=50"}],"curies":[{"name":"wp","href":"https:\/\/api.w.org\/{rel}","templated":true}]}}